{"id":1090,"date":"2025-01-13T10:33:24","date_gmt":"2025-01-13T09:33:24","guid":{"rendered":"https:\/\/soundscapemm.com\/nuestros-artistas\/"},"modified":"2025-04-28T14:11:50","modified_gmt":"2025-04-28T12:11:50","slug":"nuestros-artistas","status":"publish","type":"page","link":"https:\/\/soundscapemm.com\/es\/nuestros-artistas\/","title":{"rendered":"Nuestros artistas."},"content":{"rendered":"\t\t<div data-elementor-type=\"wp-post\" data-elementor-id=\"1090\" class=\"elementor elementor-1090 elementor-44\" data-elementor-post-type=\"page\">\n\t\t\t\t<div class=\"elementor-element elementor-element-420d114 e-con-full e-flex e-con e-parent\" data-id=\"420d114\" data-element_type=\"container\" data-settings=\"{&quot;background_background&quot;:&quot;classic&quot;}\">\n\t\t\t\t<div class=\"elementor-element elementor-element-7f4ffa2e elementor-widget elementor-widget-heading\" data-id=\"7f4ffa2e\" data-element_type=\"widget\" data-widget_type=\"heading.default\">\n\t\t\t\t<div class=\"elementor-widget-container\">\n\t\t\t\t\t<h3 class=\"elementor-heading-title elementor-size-default\">Nuestros artistas<\/h3>\t\t\t\t<\/div>\n\t\t\t\t<\/div>\n\t\t\t\t<div class=\"elementor-element elementor-element-b67f595 elementor-widget elementor-widget-heading\" data-id=\"b67f595\" data-element_type=\"widget\" data-widget_type=\"heading.default\">\n\t\t\t\t<div class=\"elementor-widget-container\">\n\t\t\t\t\t<h1 class=\"elementor-heading-title elementor-size-default\">Soundscape.<\/h1>\t\t\t\t<\/div>\n\t\t\t\t<\/div>\n\t\t\t\t<\/div>\n\t\t<div class=\"elementor-element elementor-element-61fa48c3 e-flex e-con-boxed e-con e-parent\" data-id=\"61fa48c3\" data-element_type=\"container\" data-settings=\"{&quot;background_background&quot;:&quot;classic&quot;}\">\n\t\t\t\t\t<div class=\"e-con-inner\">\n\t\t\t\t<div class=\"elementor-element elementor-element-7af241a7 elementor-widget elementor-widget-heading\" data-id=\"7af241a7\" data-element_type=\"widget\" data-widget_type=\"heading.default\">\n\t\t\t\t<div class=\"elementor-widget-container\">\n\t\t\t\t\t<h2 class=\"elementor-heading-title elementor-size-default\">\u00danicos \u2013 Aut\u00e9nticos \u2013 Genuinos<\/h2>\t\t\t\t<\/div>\n\t\t\t\t<\/div>\n\t\t\t\t<div class=\"elementor-element elementor-element-7fd3265 elementor-widget elementor-widget-text-editor\" data-id=\"7fd3265\" data-element_type=\"widget\" data-widget_type=\"text-editor.default\">\n\t\t\t\t<div class=\"elementor-widget-container\">\n\t\t\t\t\t\t\t\t\t<p>Nuestros artistas muestran verdadera pasi\u00f3n por su m\u00fasica. Cada uno de ellos aporta su historia: creatividad, inspiraci\u00f3n y enfoque.<\/p>\n\t\t\t\t\t\t\t\t<\/div>\n\t\t\t\t<\/div>\n\t\t\t\t\t<\/div>\n\t\t\t\t<\/div>\n\t\t<div class=\"elementor-element elementor-element-413743ff e-con-full e-flex e-con e-parent\" data-id=\"413743ff\" data-element_type=\"container\" data-settings=\"{&quot;background_background&quot;:&quot;classic&quot;}\">\n\t\t\t\t<div class=\"elementor-element elementor-element-17390dbf elementor-grid-3 elementor-grid-tablet-2 elementor-grid-mobile-1 elementor-widget elementor-widget-portfolio\" data-id=\"17390dbf\" data-element_type=\"widget\" data-settings=\"{&quot;item_ratio&quot;:{&quot;unit&quot;:&quot;px&quot;,&quot;size&quot;:&quot;1.2&quot;,&quot;sizes&quot;:[]},&quot;row_gap&quot;:{&quot;unit&quot;:&quot;px&quot;,&quot;size&quot;:&quot;0&quot;,&quot;sizes&quot;:[]},&quot;columns&quot;:&quot;3&quot;,&quot;columns_tablet&quot;:&quot;2&quot;,&quot;columns_mobile&quot;:&quot;1&quot;,&quot;item_gap&quot;:{&quot;unit&quot;:&quot;px&quot;,&quot;size&quot;:&quot;&quot;,&quot;sizes&quot;:[]}}\" data-widget_type=\"portfolio.default\">\n\t\t\t\t<div class=\"elementor-widget-container\">\n\t\t\t\t\t\t\t<div class=\"elementor-portfolio elementor-grid elementor-posts-container\" role=\"list\">\n\t\t\t\t<article class=\"elementor-portfolio-item elementor-post elementor-filter-204 post-3548 post type-post status-publish format-standard has-post-thumbnail hentry category-guitarristadentro tag-brasil tag-caravana-do-amanha tag-compositora tag-funarte-ufrj tag-guitar-by-masters tag-guitar-foundation-of-america tag-guitarra-clasica tag-guitarra-y-orquesta tag-guitarrista tag-helping-hands tag-latinoamerica tag-luares tag-musica-de-camara tag-musica-latinoamericana tag-opera tag-opera-homens-de-papel tag-orquesta-sinfonica-de-brasil tag-orquesta-sinfonica-de-santo-andre tag-orquestadora tag-pablo-marquez-es tag-philharmonie-de-paris tag-salle-pleyel tag-theatro-municipal-de-sao-paulo tag-yamandu-costa-es\" role=\"listitem\">\n\t\t\t<a class=\"elementor-post__thumbnail__link\" href=\"https:\/\/soundscapemm.com\/es\/elodie-bouny\/\">\n\t\t\t\t<div class=\"elementor-portfolio-item__img elementor-post__thumbnail\">\n\t\t\t<img fetchpriority=\"high\" decoding=\"async\" width=\"800\" height=\"534\" src=\"https:\/\/soundscapemm.com\/wp-content\/uploads\/2025\/11\/0W3A6141-copiar-1-1024x683.jpg\" class=\"attachment-large size-large wp-image-3386\" alt=\"\" srcset=\"https:\/\/soundscapemm.com\/wp-content\/uploads\/2025\/11\/0W3A6141-copiar-1-1024x683.jpg 1024w, https:\/\/soundscapemm.com\/wp-content\/uploads\/2025\/11\/0W3A6141-copiar-1-300x200.jpg 300w, https:\/\/soundscapemm.com\/wp-content\/uploads\/2025\/11\/0W3A6141-copiar-1-768x512.jpg 768w, https:\/\/soundscapemm.com\/wp-content\/uploads\/2025\/11\/0W3A6141-copiar-1-1536x1025.jpg 1536w, https:\/\/soundscapemm.com\/wp-content\/uploads\/2025\/11\/0W3A6141-copiar-1.jpg 2000w\" sizes=\"(max-width: 800px) 100vw, 800px\" \/>\t\t<\/div>\n\t\t\t\t<div class=\"elementor-portfolio-item__overlay\">\n\t\t\t\t<h3 class=\"elementor-portfolio-item__title\">\n\t\tElodie Bouny\t\t<\/h3>\n\t\t\t\t<\/div>\n\t\t\t\t<\/a>\n\t\t<\/article>\n\t\t\t\t<article class=\"elementor-portfolio-item elementor-post elementor-filter-204 post-1635 post type-post status-publish format-standard has-post-thumbnail hentry category-guitarristadentro tag-aniello-desiderio-es tag-capricho-catalan-es tag-concierto-de-aranjuez-es tag-david-russell-es tag-francisco-bernier-es tag-global-music-awards-de-2025 tag-guitarra-clasica tag-guitarrista tag-intercontinental-music-awards-es tag-isaac-albeniz-es tag-juan-erena-es tag-judicael-perroy-es tag-leo-brouwer-es tag-manuel-barrueco-es tag-pablo-marquez-es tag-paolo-pegoraro-es tag-pepe-romero-es tag-ricardo-gallen-es tag-zoran-dukic-es\" role=\"listitem\">\n\t\t\t<a class=\"elementor-post__thumbnail__link\" href=\"https:\/\/soundscapemm.com\/es\/elena-ortega\/\">\n\t\t\t\t<div class=\"elementor-portfolio-item__img elementor-post__thumbnail\">\n\t\t\t<img decoding=\"async\" width=\"800\" height=\"1000\" src=\"https:\/\/soundscapemm.com\/wp-content\/uploads\/2025\/04\/MG_4817-copia-2-819x1024.jpg\" class=\"attachment-large size-large wp-image-1577\" alt=\"\" srcset=\"https:\/\/soundscapemm.com\/wp-content\/uploads\/2025\/04\/MG_4817-copia-2-819x1024.jpg 819w, https:\/\/soundscapemm.com\/wp-content\/uploads\/2025\/04\/MG_4817-copia-2-240x300.jpg 240w, https:\/\/soundscapemm.com\/wp-content\/uploads\/2025\/04\/MG_4817-copia-2-768x960.jpg 768w, https:\/\/soundscapemm.com\/wp-content\/uploads\/2025\/04\/MG_4817-copia-2-1229x1536.jpg 1229w, https:\/\/soundscapemm.com\/wp-content\/uploads\/2025\/04\/MG_4817-copia-2.jpg 1600w\" sizes=\"(max-width: 800px) 100vw, 800px\" \/>\t\t<\/div>\n\t\t\t\t<div class=\"elementor-portfolio-item__overlay\">\n\t\t\t\t<h3 class=\"elementor-portfolio-item__title\">\n\t\tElena Ortega\t\t<\/h3>\n\t\t\t\t<\/div>\n\t\t\t\t<\/a>\n\t\t<\/article>\n\t\t\t\t<article class=\"elementor-portfolio-item elementor-post elementor-filter-204 post-1798 post type-post status-publish format-standard has-post-thumbnail hentry category-guitarristadentro tag-composiciones tag-compositor tag-folkwang-guitar-prize-es tag-guitarra-clasica tag-guitarrista-es tag-musica-tradicional-ucraniana\" role=\"listitem\">\n\t\t\t<a class=\"elementor-post__thumbnail__link\" href=\"https:\/\/soundscapemm.com\/es\/rostyslav-holubov\/\">\n\t\t\t\t<div class=\"elementor-portfolio-item__img elementor-post__thumbnail\">\n\t\t\t<img decoding=\"async\" width=\"800\" height=\"800\" src=\"https:\/\/soundscapemm.com\/wp-content\/uploads\/2025\/05\/image8-1024x1024.jpeg\" class=\"attachment-large size-large wp-image-1619\" alt=\"\" srcset=\"https:\/\/soundscapemm.com\/wp-content\/uploads\/2025\/05\/image8-1024x1024.jpeg 1024w, https:\/\/soundscapemm.com\/wp-content\/uploads\/2025\/05\/image8-300x300.jpeg 300w, https:\/\/soundscapemm.com\/wp-content\/uploads\/2025\/05\/image8-150x150.jpeg 150w, https:\/\/soundscapemm.com\/wp-content\/uploads\/2025\/05\/image8-768x768.jpeg 768w, https:\/\/soundscapemm.com\/wp-content\/uploads\/2025\/05\/image8-1536x1536.jpeg 1536w, https:\/\/soundscapemm.com\/wp-content\/uploads\/2025\/05\/image8.jpeg 2000w\" sizes=\"(max-width: 800px) 100vw, 800px\" \/>\t\t<\/div>\n\t\t\t\t<div class=\"elementor-portfolio-item__overlay\">\n\t\t\t\t<h3 class=\"elementor-portfolio-item__title\">\n\t\tRostyslav Holubov\t\t<\/h3>\n\t\t\t\t<\/div>\n\t\t\t\t<\/a>\n\t\t<\/article>\n\t\t\t\t<article class=\"elementor-portfolio-item elementor-post elementor-filter-204 post-1643 post type-post status-publish format-standard has-post-thumbnail hentry category-guitarristadentro tag-corcega tag-guitarra-clasica tag-guitarra-rene-lacote tag-guitarra-lira tag-guitarrista tag-juan-carmona-es tag-musica-tradicional-corsa tag-yamandu-costa-es\" role=\"listitem\">\n\t\t\t<a class=\"elementor-post__thumbnail__link\" href=\"https:\/\/soundscapemm.com\/es\/sandrine-luigi\/\">\n\t\t\t\t<div class=\"elementor-portfolio-item__img elementor-post__thumbnail\">\n\t\t\t<img loading=\"lazy\" decoding=\"async\" width=\"800\" height=\"534\" src=\"https:\/\/soundscapemm.com\/wp-content\/uploads\/2025\/04\/Sandrine-Luigi-2-HD-2-1024x684.jpg\" class=\"attachment-large size-large wp-image-1516\" alt=\"\" srcset=\"https:\/\/soundscapemm.com\/wp-content\/uploads\/2025\/04\/Sandrine-Luigi-2-HD-2-1024x684.jpg 1024w, https:\/\/soundscapemm.com\/wp-content\/uploads\/2025\/04\/Sandrine-Luigi-2-HD-2-300x200.jpg 300w, https:\/\/soundscapemm.com\/wp-content\/uploads\/2025\/04\/Sandrine-Luigi-2-HD-2-768x513.jpg 768w, https:\/\/soundscapemm.com\/wp-content\/uploads\/2025\/04\/Sandrine-Luigi-2-HD-2-1536x1025.jpg 1536w, https:\/\/soundscapemm.com\/wp-content\/uploads\/2025\/04\/Sandrine-Luigi-2-HD-2.jpg 2000w\" sizes=\"(max-width: 800px) 100vw, 800px\" \/>\t\t<\/div>\n\t\t\t\t<div class=\"elementor-portfolio-item__overlay\">\n\t\t\t\t<h3 class=\"elementor-portfolio-item__title\">\n\t\tSandrine Luigi\t\t<\/h3>\n\t\t\t\t<\/div>\n\t\t\t\t<\/a>\n\t\t<\/article>\n\t\t\t\t<article class=\"elementor-portfolio-item elementor-post elementor-filter-204 post-1641 post type-post status-publish format-standard has-post-thumbnail hentry category-guitarristadentro tag-accademia-musicale-chigiana-es tag-bossa-nova-es tag-flamenco-es tag-folk-es tag-funk-es tag-guitarra-clasica tag-guitarrista-es tag-guitarrista tag-jazz-es tag-jazz-gitano tag-musica-india tag-musica-latina-es tag-musica-suramericana tag-musicas-del-mundo tag-oscar-ghiglia-es tag-premio-de-la-critica-discografica-alemana tag-swing-es\" role=\"listitem\">\n\t\t\t<a class=\"elementor-post__thumbnail__link\" href=\"https:\/\/soundscapemm.com\/es\/yuliya-lonskaya-y-lulo-reinhardt\/\">\n\t\t\t\t<div class=\"elementor-portfolio-item__img elementor-post__thumbnail\">\n\t\t\t<img loading=\"lazy\" decoding=\"async\" width=\"682\" height=\"1024\" src=\"https:\/\/soundscapemm.com\/wp-content\/uploads\/2025\/04\/2023-04-14Yulia-Lulo-107-682x1024.jpeg\" class=\"attachment-large size-large wp-image-1425\" alt=\"\" srcset=\"https:\/\/soundscapemm.com\/wp-content\/uploads\/2025\/04\/2023-04-14Yulia-Lulo-107-682x1024.jpeg 682w, https:\/\/soundscapemm.com\/wp-content\/uploads\/2025\/04\/2023-04-14Yulia-Lulo-107-200x300.jpeg 200w, https:\/\/soundscapemm.com\/wp-content\/uploads\/2025\/04\/2023-04-14Yulia-Lulo-107-768x1152.jpeg 768w, https:\/\/soundscapemm.com\/wp-content\/uploads\/2025\/04\/2023-04-14Yulia-Lulo-107-1024x1536.jpeg 1024w, https:\/\/soundscapemm.com\/wp-content\/uploads\/2025\/04\/2023-04-14Yulia-Lulo-107.jpeg 1333w\" sizes=\"(max-width: 682px) 100vw, 682px\" \/>\t\t<\/div>\n\t\t\t\t<div class=\"elementor-portfolio-item__overlay\">\n\t\t\t\t<h3 class=\"elementor-portfolio-item__title\">\n\t\tYuliya Lonskaya y Lulo Reinhardt\t\t<\/h3>\n\t\t\t\t<\/div>\n\t\t\t\t<\/a>\n\t\t<\/article>\n\t\t\t\t<article class=\"elementor-portfolio-item elementor-post elementor-filter-204 post-1450 post type-post status-publish format-standard has-post-thumbnail hentry category-guitarristadentro tag-becario-thomas tag-creador-de-contenidos tag-guitarra-clasica tag-guitarrista tag-matthias-duplessy-es tag-niccolo-neri-es tag-ricardo-gallen-es tag-sergio-assad-es\" role=\"listitem\">\n\t\t\t<a class=\"elementor-post__thumbnail__link\" href=\"https:\/\/soundscapemm.com\/es\/valeria-galimova\/\">\n\t\t\t\t<div class=\"elementor-portfolio-item__img elementor-post__thumbnail\">\n\t\t\t<img loading=\"lazy\" decoding=\"async\" width=\"800\" height=\"702\" src=\"https:\/\/soundscapemm.com\/wp-content\/uploads\/2025\/04\/DSC05659-1024x898.jpg\" class=\"attachment-large size-large wp-image-1420\" alt=\"\" srcset=\"https:\/\/soundscapemm.com\/wp-content\/uploads\/2025\/04\/DSC05659-1024x898.jpg 1024w, https:\/\/soundscapemm.com\/wp-content\/uploads\/2025\/04\/DSC05659-300x263.jpg 300w, https:\/\/soundscapemm.com\/wp-content\/uploads\/2025\/04\/DSC05659-768x673.jpg 768w, https:\/\/soundscapemm.com\/wp-content\/uploads\/2025\/04\/DSC05659-1536x1346.jpg 1536w, https:\/\/soundscapemm.com\/wp-content\/uploads\/2025\/04\/DSC05659.jpg 2000w\" sizes=\"(max-width: 800px) 100vw, 800px\" \/>\t\t<\/div>\n\t\t\t\t<div class=\"elementor-portfolio-item__overlay\">\n\t\t\t\t<h3 class=\"elementor-portfolio-item__title\">\n\t\tValeria Galimova\t\t<\/h3>\n\t\t\t\t<\/div>\n\t\t\t\t<\/a>\n\t\t<\/article>\n\t\t\t\t<article class=\"elementor-portfolio-item elementor-post elementor-filter-204 post-1130 post type-post status-publish format-standard has-post-thumbnail hentry category-guitarristadentro tag-bajo tag-guitarrista tag-guitarrista-de-jazz tag-jazz-es tag-musica-del-mundo tag-percusion tag-trio-de-jazz-es\" role=\"listitem\">\n\t\t\t<a class=\"elementor-post__thumbnail__link\" href=\"https:\/\/soundscapemm.com\/es\/douingka\/\">\n\t\t\t\t<div class=\"elementor-portfolio-item__img elementor-post__thumbnail\">\n\t\t\t<img loading=\"lazy\" decoding=\"async\" width=\"800\" height=\"534\" src=\"https:\/\/soundscapemm.com\/wp-content\/uploads\/2025\/02\/c_l_m-18-1024x683.jpg\" class=\"attachment-large size-large wp-image-1132\" alt=\"\" srcset=\"https:\/\/soundscapemm.com\/wp-content\/uploads\/2025\/02\/c_l_m-18-1024x683.jpg 1024w, https:\/\/soundscapemm.com\/wp-content\/uploads\/2025\/02\/c_l_m-18-300x200.jpg 300w, https:\/\/soundscapemm.com\/wp-content\/uploads\/2025\/02\/c_l_m-18-768x512.jpg 768w, https:\/\/soundscapemm.com\/wp-content\/uploads\/2025\/02\/c_l_m-18-1536x1025.jpg 1536w, https:\/\/soundscapemm.com\/wp-content\/uploads\/2025\/02\/c_l_m-18.jpg 2000w\" sizes=\"(max-width: 800px) 100vw, 800px\" \/>\t\t<\/div>\n\t\t\t\t<div class=\"elementor-portfolio-item__overlay\">\n\t\t\t\t<h3 class=\"elementor-portfolio-item__title\">\n\t\tDouingKa\t\t<\/h3>\n\t\t\t\t<\/div>\n\t\t\t\t<\/a>\n\t\t<\/article>\n\t\t\t\t<article class=\"elementor-portfolio-item elementor-post elementor-filter-264 post-1184 post type-post status-publish format-standard has-post-thumbnail hentry category-cantautor tag-alternativa-es tag-cantante-es tag-cantante-compositor tag-contemporanea tag-eterea tag-introspectiva tag-lgbtq-es tag-pianista-es tag-pop-cantante-compositor tag-queer-es tag-storytelling-es\" role=\"listitem\">\n\t\t\t<a class=\"elementor-post__thumbnail__link\" href=\"https:\/\/soundscapemm.com\/es\/madison-malone\/\">\n\t\t\t\t<div class=\"elementor-portfolio-item__img elementor-post__thumbnail\">\n\t\t\t<img loading=\"lazy\" decoding=\"async\" width=\"682\" height=\"1024\" src=\"https:\/\/soundscapemm.com\/wp-content\/uploads\/2025\/01\/Madison-Malone_Hotel_Cafe_MG_3473-682x1024.jpg\" class=\"attachment-large size-large wp-image-1194\" alt=\"\" srcset=\"https:\/\/soundscapemm.com\/wp-content\/uploads\/2025\/01\/Madison-Malone_Hotel_Cafe_MG_3473-682x1024.jpg 682w, https:\/\/soundscapemm.com\/wp-content\/uploads\/2025\/01\/Madison-Malone_Hotel_Cafe_MG_3473-200x300.jpg 200w, https:\/\/soundscapemm.com\/wp-content\/uploads\/2025\/01\/Madison-Malone_Hotel_Cafe_MG_3473-768x1152.jpg 768w, https:\/\/soundscapemm.com\/wp-content\/uploads\/2025\/01\/Madison-Malone_Hotel_Cafe_MG_3473-1024x1536.jpg 1024w, https:\/\/soundscapemm.com\/wp-content\/uploads\/2025\/01\/Madison-Malone_Hotel_Cafe_MG_3473.jpg 1333w\" sizes=\"(max-width: 682px) 100vw, 682px\" \/>\t\t<\/div>\n\t\t\t\t<div class=\"elementor-portfolio-item__overlay\">\n\t\t\t\t<h3 class=\"elementor-portfolio-item__title\">\n\t\tMadison Malone\t\t<\/h3>\n\t\t\t\t<\/div>\n\t\t\t\t<\/a>\n\t\t<\/article>\n\t\t\t\t<article class=\"elementor-portfolio-item elementor-post elementor-filter-204 post-1139 post type-post status-publish format-standard has-post-thumbnail hentry category-guitarristadentro tag-alexander-sergei-ramirez-es tag-andreas-von-wangenheim-es tag-brouwer-es tag-giuliani-es tag-guitarra-clasica tag-guitarrista tag-sor-es tag-tarrega-es tag-villa-lobos-es\" role=\"listitem\">\n\t\t\t<a class=\"elementor-post__thumbnail__link\" href=\"https:\/\/soundscapemm.com\/es\/veronika-mushkina\/\">\n\t\t\t\t<div class=\"elementor-portfolio-item__img elementor-post__thumbnail\">\n\t\t\t<img loading=\"lazy\" decoding=\"async\" width=\"683\" height=\"1024\" src=\"https:\/\/soundscapemm.com\/wp-content\/uploads\/2025\/01\/dsc02538-1_Original-683x1024.jpeg\" class=\"attachment-large size-large wp-image-1148\" alt=\"\" srcset=\"https:\/\/soundscapemm.com\/wp-content\/uploads\/2025\/01\/dsc02538-1_Original-683x1024.jpeg 683w, https:\/\/soundscapemm.com\/wp-content\/uploads\/2025\/01\/dsc02538-1_Original-200x300.jpeg 200w, https:\/\/soundscapemm.com\/wp-content\/uploads\/2025\/01\/dsc02538-1_Original-768x1151.jpeg 768w, https:\/\/soundscapemm.com\/wp-content\/uploads\/2025\/01\/dsc02538-1_Original-1025x1536.jpeg 1025w, https:\/\/soundscapemm.com\/wp-content\/uploads\/2025\/01\/dsc02538-1_Original.jpeg 1334w\" sizes=\"(max-width: 683px) 100vw, 683px\" \/>\t\t<\/div>\n\t\t\t\t<div class=\"elementor-portfolio-item__overlay\">\n\t\t\t\t<h3 class=\"elementor-portfolio-item__title\">\n\t\tVeronika Mushkina\t\t<\/h3>\n\t\t\t\t<\/div>\n\t\t\t\t<\/a>\n\t\t<\/article>\n\t\t\t\t<article class=\"elementor-portfolio-item elementor-post elementor-filter-204 post-1199 post type-post status-publish format-standard has-post-thumbnail hentry category-guitarristadentro tag-carlo-marchione-es tag-giuliani-es tag-graham-anthony-devine-es tag-guitarra-clasica tag-guitarra-romantica tag-guitarrista tag-molitor-es tag-paganini-es tag-sor-es\" role=\"listitem\">\n\t\t\t<a class=\"elementor-post__thumbnail__link\" href=\"https:\/\/soundscapemm.com\/es\/kolja-gibbs\/\">\n\t\t\t\t<div class=\"elementor-portfolio-item__img elementor-post__thumbnail\">\n\t\t\t<img loading=\"lazy\" decoding=\"async\" width=\"734\" height=\"1024\" src=\"https:\/\/soundscapemm.com\/wp-content\/uploads\/2025\/01\/Jakob-und-Kolja-05-1-734x1024.jpg\" class=\"attachment-large size-large wp-image-1203\" alt=\"\" srcset=\"https:\/\/soundscapemm.com\/wp-content\/uploads\/2025\/01\/Jakob-und-Kolja-05-1-734x1024.jpg 734w, https:\/\/soundscapemm.com\/wp-content\/uploads\/2025\/01\/Jakob-und-Kolja-05-1-215x300.jpg 215w, https:\/\/soundscapemm.com\/wp-content\/uploads\/2025\/01\/Jakob-und-Kolja-05-1-768x1071.jpg 768w, https:\/\/soundscapemm.com\/wp-content\/uploads\/2025\/01\/Jakob-und-Kolja-05-1-1101x1536.jpg 1101w, https:\/\/soundscapemm.com\/wp-content\/uploads\/2025\/01\/Jakob-und-Kolja-05-1.jpg 1434w\" sizes=\"(max-width: 734px) 100vw, 734px\" \/>\t\t<\/div>\n\t\t\t\t<div class=\"elementor-portfolio-item__overlay\">\n\t\t\t\t<h3 class=\"elementor-portfolio-item__title\">\n\t\tKolja Gibbs\t\t<\/h3>\n\t\t\t\t<\/div>\n\t\t\t\t<\/a>\n\t\t<\/article>\n\t\t\t\t<article class=\"elementor-portfolio-item elementor-post elementor-filter-204 post-1233 post type-post status-publish format-standard has-post-thumbnail hentry category-guitarristadentro tag-artista-multidisciplinar tag-creador-de-contenidos tag-eduardo-diaz tag-guitar-hub tag-guitarra-clasica tag-guitarra-clasica-moderna tag-guitarrista tag-journey tag-maria-linnemann tag-youtuber-es\" role=\"listitem\">\n\t\t\t<a class=\"elementor-post__thumbnail__link\" href=\"https:\/\/soundscapemm.com\/es\/beatrix-kovacs\/\">\n\t\t\t\t<div class=\"elementor-portfolio-item__img elementor-post__thumbnail\">\n\t\t\t<img loading=\"lazy\" decoding=\"async\" width=\"682\" height=\"1024\" src=\"https:\/\/soundscapemm.com\/wp-content\/uploads\/2025\/11\/3-DSC03923-682x1024.jpg\" class=\"attachment-large size-large wp-image-3069\" alt=\"\" srcset=\"https:\/\/soundscapemm.com\/wp-content\/uploads\/2025\/11\/3-DSC03923-682x1024.jpg 682w, https:\/\/soundscapemm.com\/wp-content\/uploads\/2025\/11\/3-DSC03923-200x300.jpg 200w, https:\/\/soundscapemm.com\/wp-content\/uploads\/2025\/11\/3-DSC03923-768x1152.jpg 768w, https:\/\/soundscapemm.com\/wp-content\/uploads\/2025\/11\/3-DSC03923-1024x1536.jpg 1024w, https:\/\/soundscapemm.com\/wp-content\/uploads\/2025\/11\/3-DSC03923.jpg 1333w\" sizes=\"(max-width: 682px) 100vw, 682px\" \/>\t\t<\/div>\n\t\t\t\t<div class=\"elementor-portfolio-item__overlay\">\n\t\t\t\t<h3 class=\"elementor-portfolio-item__title\">\n\t\tBeatrix Kov\u00e1cs\t\t<\/h3>\n\t\t\t\t<\/div>\n\t\t\t\t<\/a>\n\t\t<\/article>\n\t\t\t\t<article class=\"elementor-portfolio-item elementor-post elementor-filter-204 post-1213 post type-post status-publish format-standard has-post-thumbnail hentry category-guitarristadentro tag-alberto-ponce-es tag-carlo-marchione-es tag-denis-azabagic-es tag-guitarra-clasica tag-guitarrista tag-guitarrista-de-jazz tag-jazz-es tag-judicael-perroy-es tag-musica-del-mundo tag-roland-dyens-es tag-tania-chagnot-es\" role=\"listitem\">\n\t\t\t<a class=\"elementor-post__thumbnail__link\" href=\"https:\/\/soundscapemm.com\/es\/claire-besson\/\">\n\t\t\t\t<div class=\"elementor-portfolio-item__img elementor-post__thumbnail\">\n\t\t\t<img loading=\"lazy\" decoding=\"async\" width=\"682\" height=\"1024\" src=\"https:\/\/soundscapemm.com\/wp-content\/uploads\/2025\/01\/Claire_besson2-682x1024.jpg\" class=\"attachment-large size-large wp-image-1218\" alt=\"\" srcset=\"https:\/\/soundscapemm.com\/wp-content\/uploads\/2025\/01\/Claire_besson2-682x1024.jpg 682w, https:\/\/soundscapemm.com\/wp-content\/uploads\/2025\/01\/Claire_besson2-200x300.jpg 200w, https:\/\/soundscapemm.com\/wp-content\/uploads\/2025\/01\/Claire_besson2-768x1152.jpg 768w, https:\/\/soundscapemm.com\/wp-content\/uploads\/2025\/01\/Claire_besson2-1024x1536.jpg 1024w, https:\/\/soundscapemm.com\/wp-content\/uploads\/2025\/01\/Claire_besson2.jpg 1333w\" sizes=\"(max-width: 682px) 100vw, 682px\" \/>\t\t<\/div>\n\t\t\t\t<div class=\"elementor-portfolio-item__overlay\">\n\t\t\t\t<h3 class=\"elementor-portfolio-item__title\">\n\t\tClaire Besson\t\t<\/h3>\n\t\t\t\t<\/div>\n\t\t\t\t<\/a>\n\t\t<\/article>\n\t\t\t\t<\/div>\n\t\t\t\t\t\t<\/div>\n\t\t\t\t<\/div>\n\t\t\t\t<\/div>\n\t\t\t\t<\/div>\n\t\t","protected":false},"excerpt":{"rendered":"<p>Nuestros artistas Soundscape. \u00danicos \u2013 Aut\u00e9nticos \u2013 Genuinos Nuestros artistas muestran verdadera pasi\u00f3n por su m\u00fasica. Cada uno de ellos aporta su historia: creatividad, inspiraci\u00f3n y enfoque.<\/p>\n","protected":false},"author":1,"featured_media":0,"parent":0,"menu_order":0,"comment_status":"closed","ping_status":"closed","template":"elementor_header_footer","meta":{"_acf_changed":false,"footnotes":""},"class_list":["post-1090","page","type-page","status-publish","hentry"],"acf":[],"_links":{"self":[{"href":"https:\/\/soundscapemm.com\/es\/wp-json\/wp\/v2\/pages\/1090","targetHints":{"allow":["GET"]}}],"collection":[{"href":"https:\/\/soundscapemm.com\/es\/wp-json\/wp\/v2\/pages"}],"about":[{"href":"https:\/\/soundscapemm.com\/es\/wp-json\/wp\/v2\/types\/page"}],"author":[{"embeddable":true,"href":"https:\/\/soundscapemm.com\/es\/wp-json\/wp\/v2\/users\/1"}],"replies":[{"embeddable":true,"href":"https:\/\/soundscapemm.com\/es\/wp-json\/wp\/v2\/comments?post=1090"}],"version-history":[{"count":7,"href":"https:\/\/soundscapemm.com\/es\/wp-json\/wp\/v2\/pages\/1090\/revisions"}],"predecessor-version":[{"id":1592,"href":"https:\/\/soundscapemm.com\/es\/wp-json\/wp\/v2\/pages\/1090\/revisions\/1592"}],"wp:attachment":[{"href":"https:\/\/soundscapemm.com\/es\/wp-json\/wp\/v2\/media?parent=1090"}],"curies":[{"name":"wp","href":"https:\/\/api.w.org\/{rel}","templated":true}]}}