{"id":1101,"date":"2025-01-29T11:18:25","date_gmt":"2025-01-29T10:18:25","guid":{"rendered":"https:\/\/soundscapemm.com\/pie-de-imprenta\/"},"modified":"2025-11-28T10:11:17","modified_gmt":"2025-11-28T09:11:17","slug":"pie-de-imprenta","status":"publish","type":"page","link":"https:\/\/soundscapemm.com\/es\/pie-de-imprenta\/","title":{"rendered":"Pie de imprenta"},"content":{"rendered":"\t\t<div data-elementor-type=\"wp-page\" data-elementor-id=\"1101\" class=\"elementor elementor-1101 elementor-547\" data-elementor-post-type=\"page\">\n\t\t\t\t<div class=\"elementor-element elementor-element-bac4116 e-flex e-con-boxed e-con e-parent\" data-id=\"bac4116\" data-element_type=\"container\" data-settings=\"{&quot;background_background&quot;:&quot;classic&quot;}\">\n\t\t\t\t\t<div class=\"e-con-inner\">\n\t\t\t\t<div class=\"elementor-element elementor-element-45ea956 elementor-widget elementor-widget-text-editor\" data-id=\"45ea956\" data-element_type=\"widget\" data-widget_type=\"text-editor.default\">\n\t\t\t\t<div class=\"elementor-widget-container\">\n\t\t\t\t\t\t\t\t\t<h1>Pie de imprenta<\/h1><p>Soundscape Music Management UG (sociedad de responsabilidad limitada)<br>Gutenbergstr. 35 (patio)<br>50823 Colonia<br>Alemania <\/p><p>Tel: +49-(0)221-66960886<\/p><h2>Contacta con nosotros<\/h2><p>Guenter Lemoine<br>Administrador<\/p><p>Tel\u00e9fono: +49-(0)172-6029714<br>Correo electr\u00f3nico: info@soundscapemm.com<\/p><h2>Resoluci\u00f3n de litigios en la UE<\/h2><p>La Comisi\u00f3n Europea ofrece una plataforma para la resoluci\u00f3n de litigios en l\u00ednea (OS): <a href=\"https:\/\/ec.europa.eu\/consumers\/odr\/\" target=\"_blank\" rel=\"noopener noreferrer\">https:\/\/ec.europa.eu\/consumers\/odr\/.<\/a><br>Puedes encontrar nuestra direcci\u00f3n de correo electr\u00f3nico en el aviso legal anterior.<\/p><h2>Resoluci\u00f3n de litigios de consumo\/centro de arbitraje universal<\/h2><p>No estamos dispuestos ni obligados a participar en procedimientos de resoluci\u00f3n de litigios ante una junta de arbitraje de consumo.<\/p><h2>Punto de contacto central seg\u00fan la Ley de Servicios Digitales (DSA, por sus siglas en ingl\u00e9s) (Reglamento (UE) 2022\/2065)<\/h2><p>Puedes ponerte en contacto con nuestro punto central de contacto para usuarios y autoridades de acuerdo con el Art. 11, 12 DSA de la siguiente manera:<\/p><p>E-Mail: info@soundscapemm.com<br>Telefon: +49-(0)221-66960886<\/p><p>Otros canales de contacto:<br>Guenter Lemoine<br>Mevissenstr. 4<br>50668 Colonia<\/p><p>Los idiomas disponibles para el contacto son: Alem\u00e1n e ingl\u00e9s.<\/p><p>Fuente: <a href=\"https:\/\/www.e-recht24.de\" target=\"_blank\" rel=\"noopener noreferrer nofollow\">e-recht24.de<\/a><\/p>\t\t\t\t\t\t\t\t<\/div>\n\t\t\t\t<\/div>\n\t\t\t\t\t<\/div>\n\t\t\t\t<\/div>\n\t\t\t\t<\/div>\n\t\t","protected":false},"excerpt":{"rendered":"<p>Pie de imprenta Soundscape Music Management UG (sociedad de responsabilidad limitada)Gutenbergstr. 35 (patio)50823 ColoniaAlemania Tel: +49-(0)221-66960886 Contacta con nosotros Guenter LemoineAdministrador Tel\u00e9fono: +49-(0)172-6029714Correo electr\u00f3nico: info@soundscapemm.com Resoluci\u00f3n de litigios en la UE La Comisi\u00f3n Europea ofrece una plataforma para la resoluci\u00f3n de litigios en l\u00ednea (OS): https:\/\/ec.europa.eu\/consumers\/odr\/.Puedes encontrar nuestra direcci\u00f3n de correo electr\u00f3nico en el aviso [&hellip;]<\/p>\n","protected":false},"author":1,"featured_media":1083,"parent":0,"menu_order":0,"comment_status":"closed","ping_status":"open","template":"elementor_header_footer","meta":{"_acf_changed":false,"footnotes":""},"class_list":["post-1101","page","type-page","status-publish","has-post-thumbnail","hentry"],"acf":[],"_links":{"self":[{"href":"https:\/\/soundscapemm.com\/es\/wp-json\/wp\/v2\/pages\/1101","targetHints":{"allow":["GET"]}}],"collection":[{"href":"https:\/\/soundscapemm.com\/es\/wp-json\/wp\/v2\/pages"}],"about":[{"href":"https:\/\/soundscapemm.com\/es\/wp-json\/wp\/v2\/types\/page"}],"author":[{"embeddable":true,"href":"https:\/\/soundscapemm.com\/es\/wp-json\/wp\/v2\/users\/1"}],"replies":[{"embeddable":true,"href":"https:\/\/soundscapemm.com\/es\/wp-json\/wp\/v2\/comments?post=1101"}],"version-history":[{"count":9,"href":"https:\/\/soundscapemm.com\/es\/wp-json\/wp\/v2\/pages\/1101\/revisions"}],"predecessor-version":[{"id":3944,"href":"https:\/\/soundscapemm.com\/es\/wp-json\/wp\/v2\/pages\/1101\/revisions\/3944"}],"wp:featuredmedia":[{"embeddable":true,"href":"https:\/\/soundscapemm.com\/es\/wp-json\/wp\/v2\/media\/1083"}],"wp:attachment":[{"href":"https:\/\/soundscapemm.com\/es\/wp-json\/wp\/v2\/media?parent=1101"}],"curies":[{"name":"wp","href":"https:\/\/api.w.org\/{rel}","templated":true}]}}