{"id":1096,"date":"2025-01-29T11:18:25","date_gmt":"2025-01-29T10:18:25","guid":{"rendered":"https:\/\/soundscapemm.com\/mentions-legales\/"},"modified":"2025-11-28T09:47:49","modified_gmt":"2025-11-28T08:47:49","slug":"mentions-legales","status":"publish","type":"page","link":"https:\/\/soundscapemm.com\/fr\/mentions-legales\/","title":{"rendered":"Mentions l\u00e9gales"},"content":{"rendered":"\t\t<div data-elementor-type=\"wp-page\" data-elementor-id=\"1096\" class=\"elementor elementor-1096 elementor-547\" data-elementor-post-type=\"page\">\n\t\t\t\t<div class=\"elementor-element elementor-element-bac4116 e-flex e-con-boxed e-con e-parent\" data-id=\"bac4116\" data-element_type=\"container\" data-settings=\"{&quot;background_background&quot;:&quot;classic&quot;}\">\n\t\t\t\t\t<div class=\"e-con-inner\">\n\t\t\t\t<div class=\"elementor-element elementor-element-45ea956 elementor-widget elementor-widget-text-editor\" data-id=\"45ea956\" data-element_type=\"widget\" data-widget_type=\"text-editor.default\">\n\t\t\t\t<div class=\"elementor-widget-container\">\n\t\t\t\t\t\t\t\t\t<h1>Mentions l\u00e9gales<\/h1><p>Soundscape Music Management UG (haftungsbeschr\u00e4nkt)<br>Gutenbergstr. 35 (Hof)<br>50823 K\u00f6ln<br>Allemagne <\/p><p>T\u00e9l\u00e9phone : +49-(0)221-66960886<\/p><h2>Contact<\/h2><p>Guenter Lemoine<br>Directeur g\u00e9n\u00e9ral<\/p><p>T\u00e9l\u00e9phone : +49-(0)172-6029714<br>E-mail : info@soundscapemm.com<\/p><h2>R\u00e8glement des litiges de l&rsquo;Union europ\u00e9enne<\/h2><p>La Commission europ\u00e9enne met \u00e0 disposition une plateforme de r\u00e8glement en ligne des litiges (RLL) : <a href=\"https:\/\/ec.europa.eu\/consumers\/odr\/\" target=\"_blank\" rel=\"noopener noreferrer\">https:\/\/ec.europa.eu\/consumers\/odr\/<\/a>.<br>Vous trouverez notre adresse e-mail dans les mentions l\u00e9gales ci-dessus.<\/p><h2>R\u00e8glement des litiges de consommation et commission d&rsquo;arbitrage universelle<\/h2><p>Nous ne sommes ni d\u00e9sireux ni tenus de participer \u00e0 des proc\u00e9dures de r\u00e8glement des litiges devant une commission d&rsquo;arbitrage des litiges de consommation.<\/p><h2>Point de contact central au titre du r\u00e8glement sur les services num\u00e9riques (R\u00e8glement (UE) 2022\/2065)<\/h2><p>Conform\u00e9ment aux articles 11 et 12 du r\u00e8glement sur les services num\u00e9riques, vous pouvez vous adresser comme suit \u00e0 notre point de contact central destin\u00e9 aux utilisateurs et aux autorit\u00e9s :<\/p><p>E-mail : info@soundscapemm.com<br>T\u00e9l\u00e9phone : +49-(0)221-66960886<\/p><p>Autres moyens de contact :<br>Guenter Lemoine<br>Mevissenstr. 4<br>50668 K\u00f6ln<\/p><p>Langues de contact possibles : allemand et anglais.<\/p><p>Source : <a href=\"https:\/\/www.e-recht24.de\" target=\"_blank\" rel=\"noopener noreferrer nofollow\">e-recht24.fr<\/a><\/p>\t\t\t\t\t\t\t\t<\/div>\n\t\t\t\t<\/div>\n\t\t\t\t\t<\/div>\n\t\t\t\t<\/div>\n\t\t\t\t<\/div>\n\t\t","protected":false},"excerpt":{"rendered":"<p>Mentions l\u00e9gales Soundscape Music Management UG (haftungsbeschr\u00e4nkt)Gutenbergstr. 35 (Hof)50823 K\u00f6lnAllemagne T\u00e9l\u00e9phone : +49-(0)221-66960886 Contact Guenter LemoineDirecteur g\u00e9n\u00e9ral T\u00e9l\u00e9phone : +49-(0)172-6029714E-mail : info@soundscapemm.com R\u00e8glement des litiges de l&rsquo;Union europ\u00e9enne La Commission europ\u00e9enne met \u00e0 disposition une plateforme de r\u00e8glement en ligne des litiges (RLL) : https:\/\/ec.europa.eu\/consumers\/odr\/.Vous trouverez notre adresse e-mail dans les mentions l\u00e9gales ci-dessus. R\u00e8glement [&hellip;]<\/p>\n","protected":false},"author":1,"featured_media":1097,"parent":0,"menu_order":0,"comment_status":"closed","ping_status":"open","template":"elementor_header_footer","meta":{"_acf_changed":false,"footnotes":""},"class_list":["post-1096","page","type-page","status-publish","has-post-thumbnail","hentry"],"acf":[],"_links":{"self":[{"href":"https:\/\/soundscapemm.com\/fr\/wp-json\/wp\/v2\/pages\/1096","targetHints":{"allow":["GET"]}}],"collection":[{"href":"https:\/\/soundscapemm.com\/fr\/wp-json\/wp\/v2\/pages"}],"about":[{"href":"https:\/\/soundscapemm.com\/fr\/wp-json\/wp\/v2\/types\/page"}],"author":[{"embeddable":true,"href":"https:\/\/soundscapemm.com\/fr\/wp-json\/wp\/v2\/users\/1"}],"replies":[{"embeddable":true,"href":"https:\/\/soundscapemm.com\/fr\/wp-json\/wp\/v2\/comments?post=1096"}],"version-history":[{"count":10,"href":"https:\/\/soundscapemm.com\/fr\/wp-json\/wp\/v2\/pages\/1096\/revisions"}],"predecessor-version":[{"id":3933,"href":"https:\/\/soundscapemm.com\/fr\/wp-json\/wp\/v2\/pages\/1096\/revisions\/3933"}],"wp:featuredmedia":[{"embeddable":true,"href":"https:\/\/soundscapemm.com\/fr\/wp-json\/wp\/v2\/media\/1097"}],"wp:attachment":[{"href":"https:\/\/soundscapemm.com\/fr\/wp-json\/wp\/v2\/media?parent=1096"}],"curies":[{"name":"wp","href":"https:\/\/api.w.org\/{rel}","templated":true}]}}