{"id":1747,"date":"2025-05-19T14:11:23","date_gmt":"2025-05-19T12:11:23","guid":{"rendered":"https:\/\/soundscapemm.com\/a-laffiche\/"},"modified":"2025-11-20T21:39:45","modified_gmt":"2025-11-20T20:39:45","slug":"a-laffiche","status":"publish","type":"page","link":"https:\/\/soundscapemm.com\/fr\/a-laffiche\/","title":{"rendered":"\u00c0 l\u2019affiche."},"content":{"rendered":"\t\t<div data-elementor-type=\"wp-post\" data-elementor-id=\"1747\" class=\"elementor elementor-1747 elementor-1712\" data-elementor-post-type=\"page\">\n\t\t\t\t<div class=\"elementor-element elementor-element-420d114 e-con-full e-flex e-con e-parent\" data-id=\"420d114\" data-element_type=\"container\" data-settings=\"{&quot;background_background&quot;:&quot;classic&quot;}\">\n\t\t\t\t<div class=\"elementor-element elementor-element-7f4ffa2e elementor-widget elementor-widget-heading\" data-id=\"7f4ffa2e\" data-element_type=\"widget\" data-widget_type=\"heading.default\">\n\t\t\t\t<div class=\"elementor-widget-container\">\n\t\t\t\t\t<h3 class=\"elementor-heading-title elementor-size-default\">\u00c0 l\u2019affiche.<\/h3>\t\t\t\t<\/div>\n\t\t\t\t<\/div>\n\t\t\t\t<div class=\"elementor-element elementor-element-b67f595 elementor-widget elementor-widget-heading\" data-id=\"b67f595\" data-element_type=\"widget\" data-widget_type=\"heading.default\">\n\t\t\t\t<div class=\"elementor-widget-container\">\n\t\t\t\t\t<h1 class=\"elementor-heading-title elementor-size-default\">Soundscape.<\/h1>\t\t\t\t<\/div>\n\t\t\t\t<\/div>\n\t\t\t\t<\/div>\n\t\t<div class=\"elementor-element elementor-element-61fa48c3 e-flex e-con-boxed e-con e-parent\" data-id=\"61fa48c3\" data-element_type=\"container\" data-settings=\"{&quot;background_background&quot;:&quot;classic&quot;}\">\n\t\t\t\t\t<div class=\"e-con-inner\">\n\t\t\t\t<div class=\"elementor-element elementor-element-7af241a7 elementor-widget elementor-widget-heading\" data-id=\"7af241a7\" data-element_type=\"widget\" data-widget_type=\"heading.default\">\n\t\t\t\t<div class=\"elementor-widget-container\">\n\t\t\t\t\t<h2 class=\"elementor-heading-title elementor-size-default\">Concerts (pass\u00e9s et \u00e0 venir)<\/h2>\t\t\t\t<\/div>\n\t\t\t\t<\/div>\n\t\t\t\t<div class=\"elementor-element elementor-element-7fd3265 elementor-widget elementor-widget-text-editor\" data-id=\"7fd3265\" data-element_type=\"widget\" data-widget_type=\"text-editor.default\">\n\t\t\t\t<div class=\"elementor-widget-container\">\n\t\t\t\t\t\t\t\t\t<p>Organisateur\u00b7rices, passionn\u00e9\u00b7es, journalistes : retrouvez ici toutes les dates \u00e0 venir ainsi que les temps forts pass\u00e9s. Pour toute demande de r\u00e9servation, remplissez le formulaire figurant sur la page de l&rsquo;artiste concern\u00e9\u00b7e. <\/p>\t\t\t\t\t\t\t\t<\/div>\n\t\t\t\t<\/div>\n\t\t\t\t\t<\/div>\n\t\t\t\t<\/div>\n\t\t<div class=\"elementor-element elementor-element-413743ff e-con-full e-flex e-con e-parent\" data-id=\"413743ff\" data-element_type=\"container\" data-settings=\"{&quot;background_background&quot;:&quot;classic&quot;}\">\n\t\t\t\t<div class=\"elementor-element elementor-element-323ab50 elementor-grid-1 elementor-grid-tablet-1 elementor-grid-mobile-1 elementor-widget elementor-widget-loop-grid\" data-id=\"323ab50\" data-element_type=\"widget\" data-settings=\"{&quot;template_id&quot;:2007,&quot;columns&quot;:1,&quot;row_gap&quot;:{&quot;unit&quot;:&quot;px&quot;,&quot;size&quot;:70,&quot;sizes&quot;:[]},&quot;columns_tablet&quot;:1,&quot;row_gap_tablet&quot;:{&quot;unit&quot;:&quot;px&quot;,&quot;size&quot;:50,&quot;sizes&quot;:[]},&quot;row_gap_mobile&quot;:{&quot;unit&quot;:&quot;px&quot;,&quot;size&quot;:50,&quot;sizes&quot;:[]},&quot;_skin&quot;:&quot;post&quot;,&quot;columns_mobile&quot;:&quot;1&quot;,&quot;edit_handle_selector&quot;:&quot;[data-elementor-type=\\&quot;loop-item\\&quot;]&quot;}\" data-widget_type=\"loop-grid.post\">\n\t\t\t\t<div class=\"elementor-widget-container\">\n\t\t\t\t\t\t\t<div class=\"elementor-loop-container elementor-grid\" role=\"list\">\n\t\t<style id=\"loop-2007\">.elementor-2007 .elementor-element.elementor-element-dfbd7d9{--display:flex;--gap:10px 10px;--row-gap:10px;--column-gap:10px;}.elementor-widget-heading .elementor-heading-title{font-family:var( --e-global-typography-primary-font-family ), Sans-serif;font-size:var( --e-global-typography-primary-font-size );font-weight:var( --e-global-typography-primary-font-weight );text-transform:var( --e-global-typography-primary-text-transform );line-height:var( --e-global-typography-primary-line-height );color:var( --e-global-color-primary );}.elementor-2007 .elementor-element.elementor-element-8c4789e{text-align:center;}.elementor-2007 .elementor-element.elementor-element-8c4789e .elementor-heading-title{font-family:var( --e-global-typography-secondary-font-family ), Sans-serif;font-size:var( --e-global-typography-secondary-font-size );font-weight:var( --e-global-typography-secondary-font-weight );text-transform:var( --e-global-typography-secondary-text-transform );line-height:var( --e-global-typography-secondary-line-height );color:var( --e-global-color-secondary );}.elementor-widget-theme-post-title .elementor-heading-title{font-family:var( --e-global-typography-primary-font-family ), Sans-serif;font-size:var( --e-global-typography-primary-font-size );font-weight:var( --e-global-typography-primary-font-weight );text-transform:var( --e-global-typography-primary-text-transform );line-height:var( --e-global-typography-primary-line-height );color:var( --e-global-color-primary );}.elementor-2007 .elementor-element.elementor-element-fb19f87{text-align:center;}.elementor-2007 .elementor-element.elementor-element-fb19f87 .elementor-heading-title{font-family:var( --e-global-typography-secondary-font-family ), Sans-serif;font-size:var( --e-global-typography-secondary-font-size );font-weight:var( --e-global-typography-secondary-font-weight );text-transform:var( --e-global-typography-secondary-text-transform );line-height:var( --e-global-typography-secondary-line-height );}@media(max-width:1024px){.elementor-2007 .elementor-element.elementor-element-dfbd7d9{--gap:8px 8px;--row-gap:8px;--column-gap:8px;}.elementor-widget-heading .elementor-heading-title{font-size:var( --e-global-typography-primary-font-size );line-height:var( --e-global-typography-primary-line-height );}.elementor-2007 .elementor-element.elementor-element-8c4789e .elementor-heading-title{font-size:var( --e-global-typography-secondary-font-size );line-height:var( --e-global-typography-secondary-line-height );}.elementor-widget-theme-post-title .elementor-heading-title{font-size:var( --e-global-typography-primary-font-size );line-height:var( --e-global-typography-primary-line-height );}.elementor-2007 .elementor-element.elementor-element-fb19f87 .elementor-heading-title{font-size:var( --e-global-typography-secondary-font-size );line-height:var( --e-global-typography-secondary-line-height );}}@media(max-width:767px){.elementor-2007 .elementor-element.elementor-element-dfbd7d9{--gap:6px 6px;--row-gap:6px;--column-gap:6px;}.elementor-widget-heading .elementor-heading-title{font-size:var( --e-global-typography-primary-font-size );line-height:var( --e-global-typography-primary-line-height );}.elementor-2007 .elementor-element.elementor-element-8c4789e .elementor-heading-title{font-size:var( --e-global-typography-secondary-font-size );line-height:var( --e-global-typography-secondary-line-height );}.elementor-widget-theme-post-title .elementor-heading-title{font-size:var( --e-global-typography-primary-font-size );line-height:var( --e-global-typography-primary-line-height );}.elementor-2007 .elementor-element.elementor-element-fb19f87 .elementor-heading-title{font-size:var( --e-global-typography-secondary-font-size );line-height:var( --e-global-typography-secondary-line-height );}}<\/style>\t\t<div data-elementor-type=\"loop-item\" data-elementor-id=\"2007\" class=\"elementor elementor-2007 e-loop-item e-loop-item-5241 post-5241 termin type-termin status-publish has-post-thumbnail hentry category-aufhometeaser category-termine tag-duo-hafdar tag-fernando-sor tag-gitarrist tag-giuliani tag-klassische-gitarre tag-molitor tag-paganini tag-romantik-gitarre tag-romantische-gitarre\" data-elementor-post-type=\"elementor_library\" data-custom-edit-handle=\"1\">\n\t\t\t<div class=\"elementor-element elementor-element-dfbd7d9 e-flex e-con-boxed e-con e-parent\" data-id=\"dfbd7d9\" data-element_type=\"container\">\n\t\t\t\t\t<div class=\"e-con-inner\">\n\t\t\t\t<div class=\"elementor-element elementor-element-8c4789e elementor-widget elementor-widget-heading\" data-id=\"8c4789e\" data-element_type=\"widget\" data-widget_type=\"heading.default\">\n\t\t\t\t<div class=\"elementor-widget-container\">\n\t\t\t\t\t<h2 class=\"elementor-heading-title elementor-size-default\"><a href=\"https:\/\/soundscapemm.com\/fr\/termin\/kolja-gibbs-%e2%80%92-im-duo-auf-tour\/\">11.06.2026<\/a><\/h2>\t\t\t\t<\/div>\n\t\t\t\t<\/div>\n\t\t\t\t<div class=\"elementor-element elementor-element-fb19f87 elementor-widget elementor-widget-theme-post-title elementor-page-title elementor-widget-heading\" data-id=\"fb19f87\" data-element_type=\"widget\" data-widget_type=\"theme-post-title.default\">\n\t\t\t\t<div class=\"elementor-widget-container\">\n\t\t\t\t\t<h1 class=\"elementor-heading-title elementor-size-default\"><a href=\"https:\/\/soundscapemm.com\/fr\/termin\/kolja-gibbs-%e2%80%92-im-duo-auf-tour\/\">Kolja Gibbs \u2012 Im Duo auf Tour<\/a><\/h1>\t\t\t\t<\/div>\n\t\t\t\t<\/div>\n\t\t\t\t\t<\/div>\n\t\t\t\t<\/div>\n\t\t\t\t<\/div>\n\t\t\t\t<div data-elementor-type=\"loop-item\" data-elementor-id=\"2007\" class=\"elementor elementor-2007 e-loop-item e-loop-item-5185 post-5185 termin type-termin status-publish has-post-thumbnail hentry category-aufhometeaser category-termine tag-artists-in-education-initiative tag-blues tag-blues-in-the-schools tag-canadian-roots-music tag-dockside-soul tag-jackson-delta-band tag-juke-joint-folk tag-ontario-arts-council tag-rick-fines-trio tag-singer-songwriter-2 tag-solar-powered-too tag-steel-bodied-slide-guitar tag-suzie-vinnick\" data-elementor-post-type=\"elementor_library\" data-custom-edit-handle=\"1\">\n\t\t\t<div class=\"elementor-element elementor-element-dfbd7d9 e-flex e-con-boxed e-con e-parent\" data-id=\"dfbd7d9\" data-element_type=\"container\">\n\t\t\t\t\t<div class=\"e-con-inner\">\n\t\t\t\t<div class=\"elementor-element elementor-element-8c4789e elementor-widget elementor-widget-heading\" data-id=\"8c4789e\" data-element_type=\"widget\" data-widget_type=\"heading.default\">\n\t\t\t\t<div class=\"elementor-widget-container\">\n\t\t\t\t\t<h2 class=\"elementor-heading-title elementor-size-default\"><a href=\"https:\/\/soundscapemm.com\/fr\/termin\/rick-fines-%e2%80%92-canadian-roots-and-blues-at-kulturbad-bonn-ruengsdorf\/\">09.05.2026<\/a><\/h2>\t\t\t\t<\/div>\n\t\t\t\t<\/div>\n\t\t\t\t<div class=\"elementor-element elementor-element-fb19f87 elementor-widget elementor-widget-theme-post-title elementor-page-title elementor-widget-heading\" data-id=\"fb19f87\" data-element_type=\"widget\" data-widget_type=\"theme-post-title.default\">\n\t\t\t\t<div class=\"elementor-widget-container\">\n\t\t\t\t\t<h1 class=\"elementor-heading-title elementor-size-default\"><a href=\"https:\/\/soundscapemm.com\/fr\/termin\/rick-fines-%e2%80%92-canadian-roots-and-blues-at-kulturbad-bonn-ruengsdorf\/\">Rick Fines \u2012 Canadian Roots and Blues at Kulturbad Bonn-R\u00fcngsdorf<\/a><\/h1>\t\t\t\t<\/div>\n\t\t\t\t<\/div>\n\t\t\t\t\t<\/div>\n\t\t\t\t<\/div>\n\t\t\t\t<\/div>\n\t\t\t\t<div data-elementor-type=\"loop-item\" data-elementor-id=\"2007\" class=\"elementor elementor-2007 e-loop-item e-loop-item-5005 post-5005 termin type-termin status-publish has-post-thumbnail hentry category-aufhometeaser category-termine tag-jazz tag-johann-sebastian-bach tag-klassik tag-trompete tag-trompete-und-harfe tag-trompeter\" data-elementor-post-type=\"elementor_library\" data-custom-edit-handle=\"1\">\n\t\t\t<div class=\"elementor-element elementor-element-dfbd7d9 e-flex e-con-boxed e-con e-parent\" data-id=\"dfbd7d9\" data-element_type=\"container\">\n\t\t\t\t\t<div class=\"e-con-inner\">\n\t\t\t\t<div class=\"elementor-element elementor-element-8c4789e elementor-widget elementor-widget-heading\" data-id=\"8c4789e\" data-element_type=\"widget\" data-widget_type=\"heading.default\">\n\t\t\t\t<div class=\"elementor-widget-container\">\n\t\t\t\t\t<h2 class=\"elementor-heading-title elementor-size-default\"><a href=\"https:\/\/soundscapemm.com\/fr\/termin\/daniel-ackermann-stephanie-zimmer-%e2%80%92-neues-album\/\">01.05.2026<\/a><\/h2>\t\t\t\t<\/div>\n\t\t\t\t<\/div>\n\t\t\t\t<div class=\"elementor-element elementor-element-fb19f87 elementor-widget elementor-widget-theme-post-title elementor-page-title elementor-widget-heading\" data-id=\"fb19f87\" data-element_type=\"widget\" data-widget_type=\"theme-post-title.default\">\n\t\t\t\t<div class=\"elementor-widget-container\">\n\t\t\t\t\t<h1 class=\"elementor-heading-title elementor-size-default\"><a href=\"https:\/\/soundscapemm.com\/fr\/termin\/daniel-ackermann-stephanie-zimmer-%e2%80%92-neues-album\/\">Daniel Ackermann &#038; Stephanie Zimmer \u2012 Neues Album<\/a><\/h1>\t\t\t\t<\/div>\n\t\t\t\t<\/div>\n\t\t\t\t\t<\/div>\n\t\t\t\t<\/div>\n\t\t\t\t<\/div>\n\t\t\t\t<div data-elementor-type=\"loop-item\" data-elementor-id=\"2007\" class=\"elementor elementor-2007 e-loop-item e-loop-item-5021 post-5021 termin type-termin status-publish has-post-thumbnail hentry category-termine tag-classical-guitar tag-classical-guitarist tag-content-creator tag-eduardo-diaz tag-guitar-hub tag-journey tag-maria-linnemann tag-modern-classical-guitar tag-multidisciplinary-artist tag-youtuber\" data-elementor-post-type=\"elementor_library\" data-custom-edit-handle=\"1\">\n\t\t\t<div class=\"elementor-element elementor-element-dfbd7d9 e-flex e-con-boxed e-con e-parent\" data-id=\"dfbd7d9\" data-element_type=\"container\">\n\t\t\t\t\t<div class=\"e-con-inner\">\n\t\t\t\t<div class=\"elementor-element elementor-element-8c4789e elementor-widget elementor-widget-heading\" data-id=\"8c4789e\" data-element_type=\"widget\" data-widget_type=\"heading.default\">\n\t\t\t\t<div class=\"elementor-widget-container\">\n\t\t\t\t\t<h2 class=\"elementor-heading-title elementor-size-default\"><a href=\"https:\/\/soundscapemm.com\/fr\/termin\/beatrix-kovacs-%e2%80%92-two-concerts-at-chateau-vianden-in-luxembourg\/\">21.03.2026<\/a><\/h2>\t\t\t\t<\/div>\n\t\t\t\t<\/div>\n\t\t\t\t<div class=\"elementor-element elementor-element-fb19f87 elementor-widget elementor-widget-theme-post-title elementor-page-title elementor-widget-heading\" data-id=\"fb19f87\" data-element_type=\"widget\" data-widget_type=\"theme-post-title.default\">\n\t\t\t\t<div class=\"elementor-widget-container\">\n\t\t\t\t\t<h1 class=\"elementor-heading-title elementor-size-default\"><a href=\"https:\/\/soundscapemm.com\/fr\/termin\/beatrix-kovacs-%e2%80%92-two-concerts-at-chateau-vianden-in-luxembourg\/\">Beatrix Kov\u00e1cs \u2012 Two Concerts at Chateau Vianden in Luxembourg<\/a><\/h1>\t\t\t\t<\/div>\n\t\t\t\t<\/div>\n\t\t\t\t\t<\/div>\n\t\t\t\t<\/div>\n\t\t\t\t<\/div>\n\t\t\t\t<div data-elementor-type=\"loop-item\" data-elementor-id=\"2007\" class=\"elementor elementor-2007 e-loop-item e-loop-item-4783 post-4783 termin type-termin status-publish has-post-thumbnail hentry category-termine tag-cindy-stehlova tag-cross-over tag-don-ross tag-fingerstyle tag-folk tag-gitarre tag-gitarristin tag-jazz tag-john-smith tag-kevin-seddiki tag-klassische-gitarre tag-moderne-fingerstyle-arrangements tag-pop tag-preis-der-deutschen-schallplattenkritik tag-singer-songwriter-2 tag-zsofia-boros\" data-elementor-post-type=\"elementor_library\" data-custom-edit-handle=\"1\">\n\t\t\t<div class=\"elementor-element elementor-element-dfbd7d9 e-flex e-con-boxed e-con e-parent\" data-id=\"dfbd7d9\" data-element_type=\"container\">\n\t\t\t\t\t<div class=\"e-con-inner\">\n\t\t\t\t<div class=\"elementor-element elementor-element-8c4789e elementor-widget elementor-widget-heading\" data-id=\"8c4789e\" data-element_type=\"widget\" data-widget_type=\"heading.default\">\n\t\t\t\t<div class=\"elementor-widget-container\">\n\t\t\t\t\t<h2 class=\"elementor-heading-title elementor-size-default\"><a href=\"https:\/\/soundscapemm.com\/fr\/termin\/julie-malia-laedt-ein-zum-8-giengener-gitarrenfestival\/\">27.02.2026<\/a><\/h2>\t\t\t\t<\/div>\n\t\t\t\t<\/div>\n\t\t\t\t<div class=\"elementor-element elementor-element-fb19f87 elementor-widget elementor-widget-theme-post-title elementor-page-title elementor-widget-heading\" data-id=\"fb19f87\" data-element_type=\"widget\" data-widget_type=\"theme-post-title.default\">\n\t\t\t\t<div class=\"elementor-widget-container\">\n\t\t\t\t\t<h1 class=\"elementor-heading-title elementor-size-default\"><a href=\"https:\/\/soundscapemm.com\/fr\/termin\/julie-malia-laedt-ein-zum-8-giengener-gitarrenfestival\/\">Julie Mal\u00eda l\u00e4dt ein zum 8. Giengener Gitarrenfestival<\/a><\/h1>\t\t\t\t<\/div>\n\t\t\t\t<\/div>\n\t\t\t\t\t<\/div>\n\t\t\t\t<\/div>\n\t\t\t\t<\/div>\n\t\t\t\t<div data-elementor-type=\"loop-item\" data-elementor-id=\"2007\" class=\"elementor elementor-2007 e-loop-item e-loop-item-4991 post-4991 termin type-termin status-publish has-post-thumbnail hentry category-termine tag-fingerstyle tag-flamenco tag-gitarrenbauer tag-gitarrist tag-impressionismus tag-jazz tag-klassik tag-klassische-gitarre tag-luthier tag-momentos tag-suedamerikanische-folklore\" data-elementor-post-type=\"elementor_library\" data-custom-edit-handle=\"1\">\n\t\t\t<div class=\"elementor-element elementor-element-dfbd7d9 e-flex e-con-boxed e-con e-parent\" data-id=\"dfbd7d9\" data-element_type=\"container\">\n\t\t\t\t\t<div class=\"e-con-inner\">\n\t\t\t\t<div class=\"elementor-element elementor-element-8c4789e elementor-widget elementor-widget-heading\" data-id=\"8c4789e\" data-element_type=\"widget\" data-widget_type=\"heading.default\">\n\t\t\t\t<div class=\"elementor-widget-container\">\n\t\t\t\t\t<h2 class=\"elementor-heading-title elementor-size-default\"><a href=\"https:\/\/soundscapemm.com\/fr\/termin\/christian-zack-%e2%80%92-zwei-konzerte-in-oesterreich\/\">27.02.2026<\/a><\/h2>\t\t\t\t<\/div>\n\t\t\t\t<\/div>\n\t\t\t\t<div class=\"elementor-element elementor-element-fb19f87 elementor-widget elementor-widget-theme-post-title elementor-page-title elementor-widget-heading\" data-id=\"fb19f87\" data-element_type=\"widget\" data-widget_type=\"theme-post-title.default\">\n\t\t\t\t<div class=\"elementor-widget-container\">\n\t\t\t\t\t<h1 class=\"elementor-heading-title elementor-size-default\"><a href=\"https:\/\/soundscapemm.com\/fr\/termin\/christian-zack-%e2%80%92-zwei-konzerte-in-oesterreich\/\">Christian Zack \u2012 Zwei Konzerte in \u00d6sterreich<\/a><\/h1>\t\t\t\t<\/div>\n\t\t\t\t<\/div>\n\t\t\t\t\t<\/div>\n\t\t\t\t<\/div>\n\t\t\t\t<\/div>\n\t\t\t\t<\/div>\n\t\t\n\t\t\t\t\t\t<\/div>\n\t\t\t\t<\/div>\n\t\t\t\t<\/div>\n\t\t\t\t<\/div>\n\t\t","protected":false},"excerpt":{"rendered":"<p>\u00c0 l\u2019affiche. Soundscape. Concerts (pass\u00e9s et \u00e0 venir) Organisateur\u00b7rices, passionn\u00e9\u00b7es, journalistes : retrouvez ici toutes les dates \u00e0 venir ainsi que les temps forts pass\u00e9s. Pour toute demande de r\u00e9servation, remplissez le formulaire figurant sur la page de l&rsquo;artiste concern\u00e9\u00b7e.<\/p>\n","protected":false},"author":1,"featured_media":0,"parent":0,"menu_order":0,"comment_status":"closed","ping_status":"closed","template":"elementor_header_footer","meta":{"_acf_changed":false,"footnotes":""},"class_list":["post-1747","page","type-page","status-publish","hentry"],"acf":[],"_links":{"self":[{"href":"https:\/\/soundscapemm.com\/fr\/wp-json\/wp\/v2\/pages\/1747","targetHints":{"allow":["GET"]}}],"collection":[{"href":"https:\/\/soundscapemm.com\/fr\/wp-json\/wp\/v2\/pages"}],"about":[{"href":"https:\/\/soundscapemm.com\/fr\/wp-json\/wp\/v2\/types\/page"}],"author":[{"embeddable":true,"href":"https:\/\/soundscapemm.com\/fr\/wp-json\/wp\/v2\/users\/1"}],"replies":[{"embeddable":true,"href":"https:\/\/soundscapemm.com\/fr\/wp-json\/wp\/v2\/comments?post=1747"}],"version-history":[{"count":10,"href":"https:\/\/soundscapemm.com\/fr\/wp-json\/wp\/v2\/pages\/1747\/revisions"}],"predecessor-version":[{"id":3839,"href":"https:\/\/soundscapemm.com\/fr\/wp-json\/wp\/v2\/pages\/1747\/revisions\/3839"}],"wp:attachment":[{"href":"https:\/\/soundscapemm.com\/fr\/wp-json\/wp\/v2\/media?parent=1747"}],"curies":[{"name":"wp","href":"https:\/\/api.w.org\/{rel}","templated":true}]}}